{"id":1840,"date":"2025-06-23T13:52:39","date_gmt":"2025-06-23T13:52:39","guid":{"rendered":"https:\/\/www.ternelia-lm.com\/?page_id=1840"},"modified":"2026-03-09T13:50:27","modified_gmt":"2026-03-09T13:50:27","slug":"legal-notice","status":"publish","type":"page","link":"https:\/\/www.ternelia-lm.com\/en\/legal-notice\/","title":{"rendered":"Legal Notice"},"content":{"rendered":"<p data-start=\"100\" data-end=\"142\"><strong data-start=\"100\" data-end=\"140\">Tern\u00e9lia Littoral et Montagnes Brand<\/strong><\/p>\n<p data-start=\"144\" data-end=\"254\">The <em data-start=\"148\" data-end=\"180\">Tern\u00e9lia Littoral et Montagnes<\/em> brand brings together hotel establishments managed by two associations:<\/p>\n<p data-start=\"256\" data-end=\"561\"><strong data-start=\"256\" data-end=\"287\">Tern\u00e9lia Les Grands Massifs<\/strong> \u2013 123 route des Servages, 74300 Les Carroz d&#8217;Ar\u00e2ches<br data-start=\"340\" data-end=\"343\" \/>For the establishments: <em data-start=\"367\" data-end=\"412\">Les Flocons Verts, Le T\u00e9l\u00e9mark, Le Rabuons,<\/em>\u00a0<em data-start=\"417\" data-end=\"429\">L\u2019Eau Vive, and Les Hauts du lac &amp; Spa<\/em><br data-start=\"429\" data-end=\"432\" \/>SIREN: 322 828 955 \u2013 APE Code: 5520Z \u2013 Not subject to VAT<br data-start=\"489\" data-end=\"492\" \/>Email: aide.reservation<a class=\"decorated-link cursor-pointer\" rel=\"noopener\" data-start=\"499\" data-end=\"529\">@ternelia.com<\/a> \u2013 Phone: +33 (0)4 50 68 65 27<\/p>\n<p data-start=\"563\" data-end=\"890\"><strong data-start=\"563\" data-end=\"603\">Tern\u00e9lia Entre Littoral et Montagnes<\/strong> \u2013 209 impasse des Champs Fleuris, 74410 Saint JoriozFor the establishments: <em data-start=\"683\" data-end=\"727\">Le Pr\u00e9 du Lac, Le Vent du Large, Henri IV,<\/em>\u00a0<em data-start=\"732\" data-end=\"756\">Les R\u00e9sidences d\u2019Armor, and Chadenas &amp; Spa<\/em><br data-start=\"756\" data-end=\"759\" \/>SIREN: 519 327 407 \u2013 APE Code: 5520Z \u2013 VAT FR49 519 327 407<br data-start=\"818\" data-end=\"821\" \/>Email: aide.reservation<a class=\"decorated-link cursor-pointer\" rel=\"noopener\" data-start=\"828\" data-end=\"858\">@ternelia.com<\/a> \u2013 Phone: +33 (0)4 50 68 65 27<\/p>\n<p data-start=\"892\" data-end=\"1260\">Both associations, governed by the French 1901 non-profit law, are members of the <em data-start=\"974\" data-end=\"993\">Tern\u00e9lia Tourisme<\/em> federation, registered with <em data-start=\"1022\" data-end=\"1036\">Atout France<\/em> under no. IM074100137.<br data-start=\"1059\" data-end=\"1062\" \/>Financial guarantee provided by <strong data-start=\"1094\" data-end=\"1102\">UNAT<\/strong> \u2013 8 Rue C\u00e9sar Franck, 75015 Paris.<br data-start=\"1137\" data-end=\"1140\" \/>Civil liability insurance taken out with <strong data-start=\"1181\" data-end=\"1200\">SMACL Assurance<\/strong> \u2013 141 avenue Salvador Allende, CS2000, 79031 Niort Cedex.<\/p>\n<p data-start=\"1267\" data-end=\"1464\"><strong data-start=\"1267\" data-end=\"1301\">Website Design and Maintenance<\/strong><\/p>\n<p data-start=\"1267\" data-end=\"1464\">The website is developed by <strong data-start=\"1332\" data-end=\"1342\">D-Edge<\/strong>, 64-66 rue des Archives, 75003 Paris<br data-start=\"1379\" data-end=\"1382\" \/>Phone: +33 (0)1 76 44 04 35<br data-start=\"1409\" data-end=\"1412\" \/>Official website: <a class=\"decorated-link cursor-pointer\" target=\"_new\" rel=\"noopener\" data-start=\"1430\" data-end=\"1462\">D-EDGE<\/a><\/p>\n<p data-start=\"1471\" data-end=\"1609\"><strong data-start=\"1471\" data-end=\"1490\">Website Hosting<\/strong><\/p>\n<p data-start=\"1471\" data-end=\"1609\"><br data-start=\"1490\" data-end=\"1493\" \/><strong data-start=\"1493\" data-end=\"1511\">WPEngine, Inc.<\/strong> \u2013 Irongate House, 22-30 Duke\u2019s Place, London, EC3A 7LP, United Kingdom<br data-start=\"1582\" data-end=\"1585\" \/>Phone: 08 00 50 53 049<\/p>\n","protected":false},"excerpt":{"rendered":"<p>Tern\u00e9lia Littoral et Montagnes Brand The Tern\u00e9lia Littoral et Montagnes brand brings together hotel establishments managed by two associations: Tern\u00e9lia Les Grands Massifs \u2013 123 route des Servages, 74300 Les Carroz d&#8217;Ar\u00e2chesFor the establishments: Les Flocons Verts, Le T\u00e9l\u00e9mark, Le Rabuons,\u00a0L\u2019Eau Vive, and Les Hauts du lac &amp; SpaSIREN: 322 828 955 \u2013 APE Code: [&hellip;]<\/p>\n","protected":false},"author":287,"featured_media":0,"parent":0,"menu_order":0,"comment_status":"closed","ping_status":"closed","template":"","meta":{"footnotes":""},"yoast_head":"<!-- This site is optimized with the Yoast SEO plugin v22.3 - https:\/\/yoast.com\/wordpress\/plugins\/seo\/ -->\n<title>Legal Notice | Tern\u00e9lia<\/title>\n<meta name=\"description\" content=\"Find here all the legal information about our vacation booking website: brand, publisher, host, and privacy policy.\" \/>\n<meta name=\"robots\" content=\"index, follow, max-snippet:-1, max-image-preview:large, max-video-preview:-1\" \/>\n<link rel=\"canonical\" href=\"https:\/\/www.ternelia-lm.com\/en\/legal-notice\/\" \/>\n<meta property=\"og:locale\" content=\"en_US\" \/>\n<meta property=\"og:type\" content=\"article\" \/>\n<meta property=\"og:title\" content=\"Legal Notice | Tern\u00e9lia\" \/>\n<meta property=\"og:description\" content=\"Find here all the legal information about our vacation booking website: brand, publisher, host, and privacy policy.\" \/>\n<meta property=\"og:url\" content=\"https:\/\/www.ternelia-lm.com\/en\/legal-notice\/\" \/>\n<meta property=\"og:site_name\" content=\"Tern\u00e9lia\" \/>\n<meta property=\"article:publisher\" content=\"https:\/\/www.facebook.com\/vacancesternelia\" \/>\n<meta property=\"article:modified_time\" content=\"2026-03-09T13:50:27+00:00\" \/>\n<meta name=\"twitter:card\" content=\"summary_large_image\" \/>\n<meta name=\"twitter:label1\" content=\"Est. reading time\" \/>\n\t<meta name=\"twitter:data1\" content=\"2 minutes\" \/>\n<script type=\"application\/ld+json\" class=\"yoast-schema-graph\">{\"@context\":\"https:\/\/schema.org\",\"@graph\":[{\"@type\":\"WebPage\",\"@id\":\"https:\/\/www.ternelia-lm.com\/en\/legal-notice\/\",\"url\":\"https:\/\/www.ternelia-lm.com\/en\/legal-notice\/\",\"name\":\"Legal Notice | Tern\u00e9lia\",\"isPartOf\":{\"@id\":\"https:\/\/www.ternelia-lm.com\/en\/#website\"},\"datePublished\":\"2025-06-23T13:52:39+00:00\",\"dateModified\":\"2026-03-09T13:50:27+00:00\",\"description\":\"Find here all the legal information about our vacation booking website: brand, publisher, host, and privacy policy.\",\"breadcrumb\":{\"@id\":\"https:\/\/www.ternelia-lm.com\/en\/legal-notice\/#breadcrumb\"},\"inLanguage\":\"en-US\",\"potentialAction\":[{\"@type\":\"ReadAction\",\"target\":[\"https:\/\/www.ternelia-lm.com\/en\/legal-notice\/\"]}]},{\"@type\":\"BreadcrumbList\",\"@id\":\"https:\/\/www.ternelia-lm.com\/en\/legal-notice\/#breadcrumb\",\"itemListElement\":[{\"@type\":\"ListItem\",\"position\":1,\"name\":\"Home\",\"item\":\"https:\/\/www.ternelia-lm.com\/en\/\"},{\"@type\":\"ListItem\",\"position\":2,\"name\":\"Legal Notice\"}]},{\"@type\":\"WebSite\",\"@id\":\"https:\/\/www.ternelia-lm.com\/en\/#website\",\"url\":\"https:\/\/www.ternelia-lm.com\/en\/\",\"name\":\"Tern\u00e9lia\",\"description\":\"\",\"potentialAction\":[{\"@type\":\"SearchAction\",\"target\":{\"@type\":\"EntryPoint\",\"urlTemplate\":\"https:\/\/www.ternelia-lm.com\/en\/?s={search_term_string}\"},\"query-input\":\"required name=search_term_string\"}],\"inLanguage\":\"en-US\"}]}<\/script>\n<!-- \/ Yoast SEO plugin. -->","yoast_head_json":{"title":"Legal Notice | Tern\u00e9lia","description":"Find here all the legal information about our vacation booking website: brand, publisher, host, and privacy policy.","robots":{"index":"index","follow":"follow","max-snippet":"max-snippet:-1","max-image-preview":"max-image-preview:large","max-video-preview":"max-video-preview:-1"},"canonical":"https:\/\/www.ternelia-lm.com\/en\/legal-notice\/","og_locale":"en_US","og_type":"article","og_title":"Legal Notice | Tern\u00e9lia","og_description":"Find here all the legal information about our vacation booking website: brand, publisher, host, and privacy policy.","og_url":"https:\/\/www.ternelia-lm.com\/en\/legal-notice\/","og_site_name":"Tern\u00e9lia","article_publisher":"https:\/\/www.facebook.com\/vacancesternelia","article_modified_time":"2026-03-09T13:50:27+00:00","twitter_card":"summary_large_image","twitter_misc":{"Est. reading time":"2 minutes"},"schema":{"@context":"https:\/\/schema.org","@graph":[{"@type":"WebPage","@id":"https:\/\/www.ternelia-lm.com\/en\/legal-notice\/","url":"https:\/\/www.ternelia-lm.com\/en\/legal-notice\/","name":"Legal Notice | Tern\u00e9lia","isPartOf":{"@id":"https:\/\/www.ternelia-lm.com\/en\/#website"},"datePublished":"2025-06-23T13:52:39+00:00","dateModified":"2026-03-09T13:50:27+00:00","description":"Find here all the legal information about our vacation booking website: brand, publisher, host, and privacy policy.","breadcrumb":{"@id":"https:\/\/www.ternelia-lm.com\/en\/legal-notice\/#breadcrumb"},"inLanguage":"en-US","potentialAction":[{"@type":"ReadAction","target":["https:\/\/www.ternelia-lm.com\/en\/legal-notice\/"]}]},{"@type":"BreadcrumbList","@id":"https:\/\/www.ternelia-lm.com\/en\/legal-notice\/#breadcrumb","itemListElement":[{"@type":"ListItem","position":1,"name":"Home","item":"https:\/\/www.ternelia-lm.com\/en\/"},{"@type":"ListItem","position":2,"name":"Legal Notice"}]},{"@type":"WebSite","@id":"https:\/\/www.ternelia-lm.com\/en\/#website","url":"https:\/\/www.ternelia-lm.com\/en\/","name":"Tern\u00e9lia","description":"","potentialAction":[{"@type":"SearchAction","target":{"@type":"EntryPoint","urlTemplate":"https:\/\/www.ternelia-lm.com\/en\/?s={search_term_string}"},"query-input":"required name=search_term_string"}],"inLanguage":"en-US"}]}},"acf":[],"_links":{"self":[{"href":"https:\/\/www.ternelia-lm.com\/en\/wp-json\/wp\/v2\/pages\/1840"}],"collection":[{"href":"https:\/\/www.ternelia-lm.com\/en\/wp-json\/wp\/v2\/pages"}],"about":[{"href":"https:\/\/www.ternelia-lm.com\/en\/wp-json\/wp\/v2\/types\/page"}],"author":[{"embeddable":true,"href":"https:\/\/www.ternelia-lm.com\/en\/wp-json\/wp\/v2\/users\/287"}],"replies":[{"embeddable":true,"href":"https:\/\/www.ternelia-lm.com\/en\/wp-json\/wp\/v2\/comments?post=1840"}],"version-history":[{"count":0,"href":"https:\/\/www.ternelia-lm.com\/en\/wp-json\/wp\/v2\/pages\/1840\/revisions"}],"wp:attachment":[{"href":"https:\/\/www.ternelia-lm.com\/en\/wp-json\/wp\/v2\/media?parent=1840"}],"curies":[{"name":"wp","href":"https:\/\/api.w.org\/{rel}","templated":true}]}}